{"id":240,"date":"2018-06-03T22:59:05","date_gmt":"2018-06-03T22:59:05","guid":{"rendered":"http:\/\/bragi.co.za\/wp\/?page_id=240"},"modified":"2018-06-03T23:24:11","modified_gmt":"2018-06-03T23:24:11","slug":"conducting-petite-messe-solenelle","status":"publish","type":"page","link":"https:\/\/bragi.co.za\/index.php\/conductor\/conducting-petite-messe-solenelle\/","title":{"rendered":"Conducting &#8211; Petite messe solenelle"},"content":{"rendered":"<p>Rossini&#8217;s Petite Messe Solenelle performed in July 2003 in Seltjarnarneskirkja, Iceland.<\/p>\n<p>Conductor: Bragi \u00de\u00f3r Valsson<\/p>\n<img data-recalc-dims=\"1\" loading=\"lazy\" decoding=\"async\" class=\"caption size-full wp-image-19\" style=\"border: 0px;\" title=\"Seltjarnarneskirkja church\" src=\"https:\/\/i0.wp.com\/bragi.co.za\/wp\/wp-content\/uploads\/2016\/08\/seltjarnarneskirkja.jpg?resize=400%2C261\" alt=\"Seltjarnarneskirkja church\" border=\"0\" width=\"400\" height=\"261\" srcset=\"https:\/\/i0.wp.com\/bragi.co.za\/wp-content\/uploads\/2016\/08\/seltjarnarneskirkja.jpg?w=400&amp;ssl=1 400w, https:\/\/i0.wp.com\/bragi.co.za\/wp-content\/uploads\/2016\/08\/seltjarnarneskirkja.jpg?resize=300%2C196&amp;ssl=1 300w\" sizes=\"auto, (max-width: 400px) 100vw, 400px\" \/>\n<p>Choir of 12 singers + soloists (who sang with the choral parts when they weren&#8217;t doing solos).<\/p>\n<p>An actual offertory took place during the &#8220;Offertorium&#8221; movement. \u00a0Listen out on the recording for reverend Arna Gr\u00e9tarsd\u00f3ttir conducting the offertory.<\/p>\n<p>Soloists: \u00a0Anna J\u00f3nsd\u00f3ttir (soprano), J\u00f3hanna \u00d3sk Valsd\u00f3ttir (alto), Gar\u00f0ar Th\u00f3r Cortez (tenor), Valdimar Hilmarsson (bass)<\/p>\n<p>Piano: J\u00fal\u00edana Indri\u00f0ad\u00f3ttir<\/p>\n<p>Harmonium: J\u00f3n Bjarnason<\/p>\n<img data-recalc-dims=\"1\" loading=\"lazy\" decoding=\"async\" class=\"caption size-full wp-image-20\" style=\"border: 0px;\" title=\"Rossini\" src=\"https:\/\/i0.wp.com\/bragi.co.za\/wp\/wp-content\/uploads\/2016\/08\/rossini.jpg?resize=280%2C299\" alt=\"Rossini\" border=\"0\" width=\"280\" height=\"299\" \/>\n<p>1 &#8211; Kyrie Eleison, Christe Eleison, Kyrie Eleison \t<audio id=\"wp_mep_1\" src=\"http:\/\/bragi.co.za\/images\/audio\/rossini\/01-Kyrie_eleison-Christe_eleison-Kyrie_eleison.mp3\"     controls=\"controls\" preload=\"none\"  >\r\n\t\t\r\n\t\t\r\n\t\t\r\n\t\t\r\n\t\t\r\n\t\t\r\n\t\t\r\n\t<\/audio>\r\n<script type=\"text\/javascript\">\r\njQuery(document).ready(function($) {\r\n\t$('#wp_mep_1').mediaelementplayer({\r\n\t\tm:1\r\n\t\t\r\n\t\t,features: ['playpause','current','progress','duration','volume','tracks','fullscreen']\r\n\t\t,audioWidth:400,audioHeight:30\r\n\t});\r\n});\r\n<\/script>\r\n<\/p>\n<p>2 &#8211; Gloria in Excelsis Deo \t<audio id=\"wp_mep_2\" src=\"http:\/\/bragi.co.za\/images\/audio\/rossini\/02-Gloria_in_excelsis_Deo.mp3\"     controls=\"controls\" preload=\"none\"  >\r\n\t\t\r\n\t\t\r\n\t\t\r\n\t\t\r\n\t\t\r\n\t\t\r\n\t\t\r\n\t<\/audio>\r\n<script type=\"text\/javascript\">\r\njQuery(document).ready(function($) {\r\n\t$('#wp_mep_2').mediaelementplayer({\r\n\t\tm:1\r\n\t\t\r\n\t\t,features: ['playpause','current','progress','duration','volume','tracks','fullscreen']\r\n\t\t,audioWidth:400,audioHeight:30\r\n\t});\r\n});\r\n<\/script>\r\n<\/p>\n<p>3 &#8211; Gratias agimus tibi (alto tenor bass trio) \t<audio id=\"wp_mep_3\" src=\"http:\/\/bragi.co.za\/images\/audio\/rossini\/03-Gratias_agimus_tibi-alto_tenor_basso_trio.mp3\"     controls=\"controls\" preload=\"none\"  >\r\n\t\t\r\n\t\t\r\n\t\t\r\n\t\t\r\n\t\t\r\n\t\t\r\n\t\t\r\n\t<\/audio>\r\n<script type=\"text\/javascript\">\r\njQuery(document).ready(function($) {\r\n\t$('#wp_mep_3').mediaelementplayer({\r\n\t\tm:1\r\n\t\t\r\n\t\t,features: ['playpause','current','progress','duration','volume','tracks','fullscreen']\r\n\t\t,audioWidth:400,audioHeight:30\r\n\t});\r\n});\r\n<\/script>\r\n<\/p>\n<p>4 &#8211; Domine Deus (tenor solo)\u00a0\t<audio id=\"wp_mep_4\" src=\"http:\/\/bragi.co.za\/images\/audio\/rossini\/04-Domine_Deus-tenor_solo.mp3\"     controls=\"controls\" preload=\"none\"  >\r\n\t\t\r\n\t\t\r\n\t\t\r\n\t\t\r\n\t\t\r\n\t\t\r\n\t\t\r\n\t<\/audio>\r\n<script type=\"text\/javascript\">\r\njQuery(document).ready(function($) {\r\n\t$('#wp_mep_4').mediaelementplayer({\r\n\t\tm:1\r\n\t\t\r\n\t\t,features: ['playpause','current','progress','duration','volume','tracks','fullscreen']\r\n\t\t,audioWidth:400,audioHeight:30\r\n\t});\r\n});\r\n<\/script>\r\n<\/p>\n<p>5 &#8211; Qui tollis (soprano solo) \t<audio id=\"wp_mep_5\" src=\"http:\/\/bragi.co.za\/images\/audio\/rossini\/05-Qui_tollis-soprano_alto_duo.mp3\"     controls=\"controls\" preload=\"none\"  >\r\n\t\t\r\n\t\t\r\n\t\t\r\n\t\t\r\n\t\t\r\n\t\t\r\n\t\t\r\n\t<\/audio>\r\n<script type=\"text\/javascript\">\r\njQuery(document).ready(function($) {\r\n\t$('#wp_mep_5').mediaelementplayer({\r\n\t\tm:1\r\n\t\t\r\n\t\t,features: ['playpause','current','progress','duration','volume','tracks','fullscreen']\r\n\t\t,audioWidth:400,audioHeight:30\r\n\t});\r\n});\r\n<\/script>\r\n<\/p>\n<p>6 &#8211; Quoniam tu solus sanctus (bass solo) \t<audio id=\"wp_mep_6\" src=\"http:\/\/bragi.co.za\/images\/audio\/rossini\/06-Quoniam_tu_solus_sanctus-basso_solo.mp3\"     controls=\"controls\" preload=\"none\"  >\r\n\t\t\r\n\t\t\r\n\t\t\r\n\t\t\r\n\t\t\r\n\t\t\r\n\t\t\r\n\t<\/audio>\r\n<script type=\"text\/javascript\">\r\njQuery(document).ready(function($) {\r\n\t$('#wp_mep_6').mediaelementplayer({\r\n\t\tm:1\r\n\t\t\r\n\t\t,features: ['playpause','current','progress','duration','volume','tracks','fullscreen']\r\n\t\t,audioWidth:400,audioHeight:30\r\n\t});\r\n});\r\n<\/script>\r\n<\/p>\n<p>7 &#8211; Cum Sancto Spiritu \t<audio id=\"wp_mep_7\" src=\"http:\/\/bragi.co.za\/images\/audio\/rossini\/07-Cum_Sancto_Spiritu.mp3\"     controls=\"controls\" preload=\"none\"  >\r\n\t\t\r\n\t\t\r\n\t\t\r\n\t\t\r\n\t\t\r\n\t\t\r\n\t\t\r\n\t<\/audio>\r\n<script type=\"text\/javascript\">\r\njQuery(document).ready(function($) {\r\n\t$('#wp_mep_7').mediaelementplayer({\r\n\t\tm:1\r\n\t\t\r\n\t\t,features: ['playpause','current','progress','duration','volume','tracks','fullscreen']\r\n\t\t,audioWidth:400,audioHeight:30\r\n\t});\r\n});\r\n<\/script>\r\n<\/p>\n<p>8 &#8211; Credo \t<audio id=\"wp_mep_8\" src=\"http:\/\/bragi.co.za\/images\/audio\/rossini\/08-Credo.mp3\"     controls=\"controls\" preload=\"none\"  >\r\n\t\t\r\n\t\t\r\n\t\t\r\n\t\t\r\n\t\t\r\n\t\t\r\n\t\t\r\n\t<\/audio>\r\n<script type=\"text\/javascript\">\r\njQuery(document).ready(function($) {\r\n\t$('#wp_mep_8').mediaelementplayer({\r\n\t\tm:1\r\n\t\t\r\n\t\t,features: ['playpause','current','progress','duration','volume','tracks','fullscreen']\r\n\t\t,audioWidth:400,audioHeight:30\r\n\t});\r\n});\r\n<\/script>\r\n<\/p>\n<p>9 &#8211; Crucifixus (soprano solo)\u00a0\t<audio id=\"wp_mep_9\" src=\"http:\/\/bragi.co.za\/images\/audio\/rossini\/09-Crucifixus-soprano_solo.mp3\"     controls=\"controls\" preload=\"none\"  >\r\n\t\t\r\n\t\t\r\n\t\t\r\n\t\t\r\n\t\t\r\n\t\t\r\n\t\t\r\n\t<\/audio>\r\n<script type=\"text\/javascript\">\r\njQuery(document).ready(function($) {\r\n\t$('#wp_mep_9').mediaelementplayer({\r\n\t\tm:1\r\n\t\t\r\n\t\t,features: ['playpause','current','progress','duration','volume','tracks','fullscreen']\r\n\t\t,audioWidth:400,audioHeight:30\r\n\t});\r\n});\r\n<\/script>\r\n<\/p>\n<p>10 &#8211; Et resurrexit\u00a0\t<audio id=\"wp_mep_10\" src=\"http:\/\/bragi.co.za\/images\/audio\/rossini\/10-Et_resurrexit.mp3\"     controls=\"controls\" preload=\"none\"  >\r\n\t\t\r\n\t\t\r\n\t\t\r\n\t\t\r\n\t\t\r\n\t\t\r\n\t\t\r\n\t<\/audio>\r\n<script type=\"text\/javascript\">\r\njQuery(document).ready(function($) {\r\n\t$('#wp_mep_10').mediaelementplayer({\r\n\t\tm:1\r\n\t\t\r\n\t\t,features: ['playpause','current','progress','duration','volume','tracks','fullscreen']\r\n\t\t,audioWidth:400,audioHeight:30\r\n\t});\r\n});\r\n<\/script>\r\n<\/p>\n<p>11 &#8211; Et vitam venturi\u00a0\t<audio id=\"wp_mep_11\" src=\"http:\/\/bragi.co.za\/images\/audio\/rossini\/11-Et_vitam_venturi.mp3\"     controls=\"controls\" preload=\"none\"  >\r\n\t\t\r\n\t\t\r\n\t\t\r\n\t\t\r\n\t\t\r\n\t\t\r\n\t\t\r\n\t<\/audio>\r\n<script type=\"text\/javascript\">\r\njQuery(document).ready(function($) {\r\n\t$('#wp_mep_11').mediaelementplayer({\r\n\t\tm:1\r\n\t\t\r\n\t\t,features: ['playpause','current','progress','duration','volume','tracks','fullscreen']\r\n\t\t,audioWidth:400,audioHeight:30\r\n\t});\r\n});\r\n<\/script>\r\n<\/p>\n<p>12 &#8211; Offertorium\u00a0\t<audio id=\"wp_mep_12\" src=\"http:\/\/bragi.co.za\/images\/audio\/rossini\/12-Offertorium.mp3\"     controls=\"controls\" preload=\"none\"  >\r\n\t\t\r\n\t\t\r\n\t\t\r\n\t\t\r\n\t\t\r\n\t\t\r\n\t\t\r\n\t<\/audio>\r\n<script type=\"text\/javascript\">\r\njQuery(document).ready(function($) {\r\n\t$('#wp_mep_12').mediaelementplayer({\r\n\t\tm:1\r\n\t\t\r\n\t\t,features: ['playpause','current','progress','duration','volume','tracks','fullscreen']\r\n\t\t,audioWidth:400,audioHeight:30\r\n\t});\r\n});\r\n<\/script>\r\n<\/p>\n<p>13 &#8211; Sanctus\u00a0\t<audio id=\"wp_mep_13\" src=\"http:\/\/bragi.co.za\/images\/audio\/rossini\/13-Sanctus.mp3\"     controls=\"controls\" preload=\"none\"  >\r\n\t\t\r\n\t\t\r\n\t\t\r\n\t\t\r\n\t\t\r\n\t\t\r\n\t\t\r\n\t<\/audio>\r\n<script type=\"text\/javascript\">\r\njQuery(document).ready(function($) {\r\n\t$('#wp_mep_13').mediaelementplayer({\r\n\t\tm:1\r\n\t\t\r\n\t\t,features: ['playpause','current','progress','duration','volume','tracks','fullscreen']\r\n\t\t,audioWidth:400,audioHeight:30\r\n\t});\r\n});\r\n<\/script>\r\n<\/p>\n<p>14 &#8211; O salutaris hostia (soprano solo) \t<audio id=\"wp_mep_14\" src=\"http:\/\/bragi.co.za\/images\/audio\/rossini\/14-O_salutaris_hostia-soprano_solo.mp3\"     controls=\"controls\" preload=\"none\"  >\r\n\t\t\r\n\t\t\r\n\t\t\r\n\t\t\r\n\t\t\r\n\t\t\r\n\t\t\r\n\t<\/audio>\r\n<script type=\"text\/javascript\">\r\njQuery(document).ready(function($) {\r\n\t$('#wp_mep_14').mediaelementplayer({\r\n\t\tm:1\r\n\t\t\r\n\t\t,features: ['playpause','current','progress','duration','volume','tracks','fullscreen']\r\n\t\t,audioWidth:400,audioHeight:30\r\n\t});\r\n});\r\n<\/script>\r\n<\/p>\n<p>15 &#8211; Agnus dei (alto solo) \t<audio id=\"wp_mep_15\" src=\"http:\/\/bragi.co.za\/images\/audio\/rossini\/15-Agnus_dei-alto_solo.mp3\"     controls=\"controls\" preload=\"none\"  >\r\n\t\t\r\n\t\t\r\n\t\t\r\n\t\t\r\n\t\t\r\n\t\t\r\n\t\t\r\n\t<\/audio>\r\n<script type=\"text\/javascript\">\r\njQuery(document).ready(function($) {\r\n\t$('#wp_mep_15').mediaelementplayer({\r\n\t\tm:1\r\n\t\t\r\n\t\t,features: ['playpause','current','progress','duration','volume','tracks','fullscreen']\r\n\t\t,audioWidth:400,audioHeight:30\r\n\t});\r\n});\r\n<\/script>\r\n<\/p>\n","protected":false},"excerpt":{"rendered":"<p>Rossini&#8217;s Petite Messe Solenelle performed in July 2003 in Seltjarnarneskirkja, Iceland. Conductor: Bragi \u00de\u00f3r Valsson Choir of 12 singers + soloists (who sang with the choral parts when they weren&#8217;t doing solos). An actual offertory took place during the &#8220;Offertorium&#8221; movement. \u00a0Listen out on the recording for reverend Arna Gr\u00e9tarsd\u00f3ttir conducting the offertory. Soloists: \u00a0Anna &hellip; <\/p>\n<p><a href=\"https:\/\/bragi.co.za\/index.php\/conductor\/conducting-petite-messe-solenelle\/\" class=\"more-link\">Continue reading <span class=\"screen-reader-text\">Conducting &#8211; Petite messe solenelle<\/span><\/a><\/p>\n","protected":false},"author":1,"featured_media":0,"parent":230,"menu_order":0,"comment_status":"closed","ping_status":"closed","template":"","meta":{"_monsterinsights_skip_tracking":false,"_monsterinsights_sitenote_active":false,"_monsterinsights_sitenote_note":"","_monsterinsights_sitenote_category":0,"jetpack_post_was_ever_published":false,"footnotes":""},"class_list":["post-240","page","type-page","status-publish","hentry"],"jetpack_sharing_enabled":true,"jetpack_shortlink":"https:\/\/wp.me\/P9XTWd-3S","_links":{"self":[{"href":"https:\/\/bragi.co.za\/index.php\/wp-json\/wp\/v2\/pages\/240","targetHints":{"allow":["GET"]}}],"collection":[{"href":"https:\/\/bragi.co.za\/index.php\/wp-json\/wp\/v2\/pages"}],"about":[{"href":"https:\/\/bragi.co.za\/index.php\/wp-json\/wp\/v2\/types\/page"}],"author":[{"embeddable":true,"href":"https:\/\/bragi.co.za\/index.php\/wp-json\/wp\/v2\/users\/1"}],"replies":[{"embeddable":true,"href":"https:\/\/bragi.co.za\/index.php\/wp-json\/wp\/v2\/comments?post=240"}],"version-history":[{"count":1,"href":"https:\/\/bragi.co.za\/index.php\/wp-json\/wp\/v2\/pages\/240\/revisions"}],"predecessor-version":[{"id":241,"href":"https:\/\/bragi.co.za\/index.php\/wp-json\/wp\/v2\/pages\/240\/revisions\/241"}],"up":[{"embeddable":true,"href":"https:\/\/bragi.co.za\/index.php\/wp-json\/wp\/v2\/pages\/230"}],"wp:attachment":[{"href":"https:\/\/bragi.co.za\/index.php\/wp-json\/wp\/v2\/media?parent=240"}],"curies":[{"name":"wp","href":"https:\/\/api.w.org\/{rel}","templated":true}]}}