{"id":245,"date":"2018-06-03T23:02:30","date_gmt":"2018-06-03T23:02:30","guid":{"rendered":"http:\/\/bragi.co.za\/wp\/?page_id=245"},"modified":"2018-06-03T23:24:38","modified_gmt":"2018-06-03T23:24:38","slug":"conducting-bhs","status":"publish","type":"page","link":"https:\/\/bragi.co.za\/index.php\/conductor\/conducting-bhs\/","title":{"rendered":"Conducting &#8211; BHS"},"content":{"rendered":"<p>From 2007 to 2010, Bragi was music director at Borgarholtsskoli high school in Iceland. The few students who were interested in music at that school worked hard and ended up doing some rather unusual stuff, mostly due to how small the group was. \u00a0Below are two recording examples, the first a recording from 2008 of Leonard Cohen&#8217;s well known Hallelujah, in Icelandic. \u00a0The 2nd one is an old men&#8217;s choir favorite, rearranged as a heavy metal song! \u00a0The group sang that song on television in the spring of 2009.<\/p>\n<p><em>Arrangements and accompaniment by Bragi.<\/em><\/p>\n<p><strong>Hallelujah (solist \u00cdris D\u00f6gg H\u00e9\u00f0insd\u00f3ttir):<\/strong>\u00a0\t<audio id=\"wp_mep_1\" src=\"http:\/\/bragi.co.za\/images\/audio\/borgo\/Hallelujah.mp3\"     controls=\"controls\" preload=\"none\"  >\r\n\t\t\r\n\t\t\r\n\t\t\r\n\t\t\r\n\t\t\r\n\t\t\r\n\t\t\r\n\t<\/audio>\r\n<script type=\"text\/javascript\">\r\njQuery(document).ready(function($) {\r\n\t$('#wp_mep_1').mediaelementplayer({\r\n\t\tm:1\r\n\t\t\r\n\t\t,features: ['playpause','current','progress','duration','volume','tracks','fullscreen']\r\n\t\t,audioWidth:400,audioHeight:30\r\n\t});\r\n});\r\n<\/script>\r\n<\/p>\n<p><strong>Brenni\u00f0 \u00fei\u00f0 vitar:<\/strong>\u00a0\t<audio id=\"wp_mep_2\" src=\"http:\/\/bragi.co.za\/images\/audio\/borgo\/Brennid_thid_vitar-songhopur_BHS.mp3\"     controls=\"controls\" preload=\"none\"  >\r\n\t\t\r\n\t\t\r\n\t\t\r\n\t\t\r\n\t\t\r\n\t\t\r\n\t\t\r\n\t<\/audio>\r\n<script type=\"text\/javascript\">\r\njQuery(document).ready(function($) {\r\n\t$('#wp_mep_2').mediaelementplayer({\r\n\t\tm:1\r\n\t\t\r\n\t\t,features: ['playpause','current','progress','duration','volume','tracks','fullscreen']\r\n\t\t,audioWidth:400,audioHeight:30\r\n\t});\r\n});\r\n<\/script>\r\n<\/p>\n","protected":false},"excerpt":{"rendered":"<p>From 2007 to 2010, Bragi was music director at Borgarholtsskoli high school in Iceland. The few students who were interested in music at that school worked hard and ended up doing some rather unusual stuff, mostly due to how small the group was. \u00a0Below are two recording examples, the first a recording from 2008 of &hellip; <\/p>\n<p><a href=\"https:\/\/bragi.co.za\/index.php\/conductor\/conducting-bhs\/\" class=\"more-link\">Continue reading <span class=\"screen-reader-text\">Conducting &#8211; BHS<\/span><\/a><\/p>\n","protected":false},"author":1,"featured_media":0,"parent":230,"menu_order":0,"comment_status":"closed","ping_status":"closed","template":"","meta":{"_monsterinsights_skip_tracking":false,"_monsterinsights_sitenote_active":false,"_monsterinsights_sitenote_note":"","_monsterinsights_sitenote_category":0,"jetpack_post_was_ever_published":false,"footnotes":""},"class_list":["post-245","page","type-page","status-publish","hentry"],"jetpack_sharing_enabled":true,"jetpack_shortlink":"https:\/\/wp.me\/P9XTWd-3X","_links":{"self":[{"href":"https:\/\/bragi.co.za\/index.php\/wp-json\/wp\/v2\/pages\/245","targetHints":{"allow":["GET"]}}],"collection":[{"href":"https:\/\/bragi.co.za\/index.php\/wp-json\/wp\/v2\/pages"}],"about":[{"href":"https:\/\/bragi.co.za\/index.php\/wp-json\/wp\/v2\/types\/page"}],"author":[{"embeddable":true,"href":"https:\/\/bragi.co.za\/index.php\/wp-json\/wp\/v2\/users\/1"}],"replies":[{"embeddable":true,"href":"https:\/\/bragi.co.za\/index.php\/wp-json\/wp\/v2\/comments?post=245"}],"version-history":[{"count":1,"href":"https:\/\/bragi.co.za\/index.php\/wp-json\/wp\/v2\/pages\/245\/revisions"}],"predecessor-version":[{"id":246,"href":"https:\/\/bragi.co.za\/index.php\/wp-json\/wp\/v2\/pages\/245\/revisions\/246"}],"up":[{"embeddable":true,"href":"https:\/\/bragi.co.za\/index.php\/wp-json\/wp\/v2\/pages\/230"}],"wp:attachment":[{"href":"https:\/\/bragi.co.za\/index.php\/wp-json\/wp\/v2\/media?parent=245"}],"curies":[{"name":"wp","href":"https:\/\/api.w.org\/{rel}","templated":true}]}}