{"id":3811,"date":"2022-04-12T00:29:41","date_gmt":"2022-04-12T00:29:41","guid":{"rendered":"http:\/\/bragi.co.za\/?page_id=3811"},"modified":"2022-12-31T20:57:36","modified_gmt":"2022-12-31T20:57:36","slug":"360-degree-photos","status":"publish","type":"page","link":"https:\/\/bragi.co.za\/index.php\/360-degree-photos\/","title":{"rendered":"360 degree photos"},"content":{"rendered":"\n<p><em>All the photos are scrollable to the side and up and down.<\/em><\/p>\n\n\n\n<p>Selfie at Br\u00faarhl\u00f6\u00f0 in southern Iceland:<\/p>\n\n\n<div class=\"wp-block am360view-wrapper\" data-align=\"\" style=\"margin:0 auto;width:100%\"><iframe\n    src=\"about:blank\"\n    class=\"am360view\"\n\tstyle=\"width:;height:400px;float:;border:0;margin:0 auto;\"\n\t data-width=\"100%\" data-height=\"400px\" data-margin=\"0 auto\" data-fov=\"80\" data-rotation=\"0 0 0\" data-scale=\"-1 1 1\" data-text=\"\" data-text-position=\"-3 2 -3\" data-text-rotation=\"0 0 0\" data-text-font=\"kelsonsans\" data-text-scale=\"2 2\" data-text-color=\"red\" data-orbiting-type=\"none\" data-orbiting-speed=\"0 0.5 0\" data-src=\"http:\/\/bragi.co.za\/wp-content\/uploads\/2022\/04\/selfie_at_Bruarhlod-scaled.jpg\" data-align=\"\" data-block-id=\"am360view_520443\" data-media-id=\"3805\" data-base=\"http:\/\/bragi.co.za\/wp-content\/plugins\/360-view\/\"><\/iframe><\/div>\n\n\n<p>A selfie in front of an amazing natural ice sculpture at M\u00falakot in southern Iceland:<\/p>\n\n\n<div class=\"wp-block am360view-wrapper\" data-align=\"\" style=\"margin:0 auto;width:100%\"><iframe\n    src=\"about:blank\"\n    class=\"am360view\"\n\tstyle=\"width:;height:400px;float:;border:0;margin:0 auto;\"\n\t data-width=\"100%\" data-height=\"400px\" data-margin=\"0 auto\" data-fov=\"80\" data-rotation=\"0 0 0\" data-scale=\"-1 1 1\" data-text=\"\" data-text-position=\"-3 2 -3\" data-text-rotation=\"0 0 0\" data-text-font=\"kelsonsans\" data-text-scale=\"2 2\" data-text-color=\"red\" data-orbiting-type=\"none\" data-orbiting-speed=\"0 0.5 0\" data-src=\"http:\/\/bragi.co.za\/wp-content\/uploads\/2022\/04\/ice_sculptures_selfie_360-scaled.jpg\" data-align=\"\" data-block-id=\"am360view_356871\" data-media-id=\"3800\" data-base=\"http:\/\/bragi.co.za\/wp-content\/plugins\/360-view\/\"><\/iframe><\/div>\n\n\n<p>Selfie in front of Strokkur hot spring in southern Iceland:<\/p>\n\n\n<div class=\"wp-block am360view-wrapper\" data-align=\"\" style=\"margin:0 auto;width:100%\"><iframe\n    src=\"about:blank\"\n    class=\"am360view\"\n\tstyle=\"width:;height:400px;float:;border:0;margin:0 auto;\"\n\t data-width=\"100%\" data-height=\"400px\" data-margin=\"0 auto\" data-fov=\"80\" data-rotation=\"0 0 0\" data-scale=\"-1 1 1\" data-text=\"\" data-text-position=\"-3 2 -3\" data-text-rotation=\"0 0 0\" data-text-font=\"kelsonsans\" data-text-scale=\"2 2\" data-text-color=\"red\" data-orbiting-type=\"none\" data-orbiting-speed=\"0 0.5 0\" data-src=\"http:\/\/bragi.co.za\/wp-content\/uploads\/2022\/04\/strokkur_selfie_360-scaled.jpg\" data-align=\"\" data-block-id=\"am360view_358709\" data-media-id=\"3807\" data-base=\"http:\/\/bragi.co.za\/wp-content\/plugins\/360-view\/\"><\/iframe><\/div>\n\n\n<p>A lovely little park along a South African highway.<\/p>\n\n\n<div class=\"wp-block am360view-wrapper\" data-align=\"\" style=\"margin:0 auto;width:100%\"><iframe\n    src=\"about:blank\"\n    class=\"am360view\"\n\tstyle=\"width:;height:400px;float:;border:0;margin:0 auto;\"\n\t data-width=\"100%\" data-height=\"400px\" data-margin=\"0 auto\" data-fov=\"80\" data-rotation=\"0 0 0\" data-scale=\"-1 1 1\" data-text=\"\" data-text-position=\"-3 2 -3\" data-text-rotation=\"0 0 0\" data-text-font=\"kelsonsans\" data-text-scale=\"2 2\" data-text-color=\"red\" data-orbiting-type=\"none\" data-orbiting-speed=\"0 0.5 0\" data-src=\"http:\/\/bragi.co.za\/wp-content\/uploads\/2022\/12\/pond-360jpg-scaled.jpg\" data-align=\"\" data-block-id=\"am360view_136369\" data-media-id=\"5237\" data-base=\"http:\/\/bragi.co.za\/wp-content\/plugins\/360-view\/\"><\/iframe><\/div>\n\n\n<p>A selfie at my COVID hotel in July 2022. Lovely hotel but annoying virus.<\/p>\n\n\n<div class=\"wp-block am360view-wrapper\" data-align=\"\" style=\"margin:0 auto;width:100%\"><iframe\n    src=\"about:blank\"\n    class=\"am360view\"\n\tstyle=\"width:;height:400px;float:;border:0;margin:0 auto;\"\n\t data-width=\"100%\" data-height=\"400px\" data-margin=\"0 auto\" data-fov=\"80\" data-rotation=\"0 0 0\" data-scale=\"-1 1 1\" data-text=\"\" data-text-position=\"-3 2 -3\" data-text-rotation=\"0 0 0\" data-text-font=\"kelsonsans\" data-text-scale=\"2 2\" data-text-color=\"red\" data-orbiting-type=\"none\" data-orbiting-speed=\"0 0.5 0\" data-src=\"http:\/\/bragi.co.za\/wp-content\/uploads\/2022\/12\/Excalibur-Hotel-Bragi-on-balcony-360-scaled.jpg\" data-align=\"\" data-block-id=\"am360view_720248\" data-media-id=\"5238\" data-base=\"http:\/\/bragi.co.za\/wp-content\/plugins\/360-view\/\"><\/iframe><\/div>","protected":false},"excerpt":{"rendered":"<p>All the photos are scrollable to the side and up and down. Selfie at Br\u00faarhl\u00f6\u00f0 in southern Iceland: A selfie in front of an amazing natural ice sculpture at M\u00falakot in southern Iceland: Selfie in front of Strokkur hot spring in southern Iceland: A lovely little park along a South African highway. A selfie at &hellip; <\/p>\n<p><a href=\"https:\/\/bragi.co.za\/index.php\/360-degree-photos\/\" class=\"more-link\">Continue reading <span class=\"screen-reader-text\">360 degree photos<\/span><\/a><\/p>\n","protected":false},"author":1,"featured_media":0,"parent":0,"menu_order":0,"comment_status":"closed","ping_status":"closed","template":"","meta":{"_monsterinsights_skip_tracking":false,"_monsterinsights_sitenote_active":false,"_monsterinsights_sitenote_note":"","_monsterinsights_sitenote_category":0,"jetpack_post_was_ever_published":false,"footnotes":""},"class_list":["post-3811","page","type-page","status-publish","hentry"],"jetpack_sharing_enabled":true,"jetpack_shortlink":"https:\/\/wp.me\/P9XTWd-Zt","_links":{"self":[{"href":"https:\/\/bragi.co.za\/index.php\/wp-json\/wp\/v2\/pages\/3811","targetHints":{"allow":["GET"]}}],"collection":[{"href":"https:\/\/bragi.co.za\/index.php\/wp-json\/wp\/v2\/pages"}],"about":[{"href":"https:\/\/bragi.co.za\/index.php\/wp-json\/wp\/v2\/types\/page"}],"author":[{"embeddable":true,"href":"https:\/\/bragi.co.za\/index.php\/wp-json\/wp\/v2\/users\/1"}],"replies":[{"embeddable":true,"href":"https:\/\/bragi.co.za\/index.php\/wp-json\/wp\/v2\/comments?post=3811"}],"version-history":[{"count":11,"href":"https:\/\/bragi.co.za\/index.php\/wp-json\/wp\/v2\/pages\/3811\/revisions"}],"predecessor-version":[{"id":5242,"href":"https:\/\/bragi.co.za\/index.php\/wp-json\/wp\/v2\/pages\/3811\/revisions\/5242"}],"wp:attachment":[{"href":"https:\/\/bragi.co.za\/index.php\/wp-json\/wp\/v2\/media?parent=3811"}],"curies":[{"name":"wp","href":"https:\/\/api.w.org\/{rel}","templated":true}]}}