{"id":477,"date":"2018-08-12T09:14:56","date_gmt":"2018-08-12T09:14:56","guid":{"rendered":"http:\/\/bragi.co.za\/?page_id=477"},"modified":"2025-11-24T22:59:08","modified_gmt":"2025-11-24T22:59:08","slug":"composer","status":"publish","type":"page","link":"https:\/\/bragi.co.za\/index.php\/composer\/","title":{"rendered":"Composer"},"content":{"rendered":"\n<p>Bragi is a composer of both contemporary (&#8220;popular&#8221;) music and &#8220;serious&#8221; music. All his compositions are registered with <a href=\"http:\/\/www.stef.is\">STEF<\/a> in Iceland.<\/p>\n\n\n\n<figure class=\"wp-block-table\"><table class=\"has-fixed-layout\"><tbody><tr><td><figure><img data-recalc-dims=\"1\" loading=\"lazy\" decoding=\"async\" class=\"alignnone size-medium wp-image-5486\" src=\"https:\/\/i0.wp.com\/bragi.co.za\/wp-content\/uploads\/2025\/11\/cover-TTBB-choir.jpg?resize=212%2C300\" alt=\"\" width=\"212\" height=\"300\" srcset=\"https:\/\/i0.wp.com\/bragi.co.za\/wp-content\/uploads\/2025\/11\/cover-TTBB-choir.jpg?resize=212%2C300&amp;ssl=1 212w, https:\/\/i0.wp.com\/bragi.co.za\/wp-content\/uploads\/2025\/11\/cover-TTBB-choir.jpg?w=595&amp;ssl=1 595w\" sizes=\"auto, (max-width: 212px) 100vw, 212px\" \/><\/figure><br><a href=\"https:\/\/www.amazon.com\/stores\/Bragi-Thor-Valsson\/author\/B07X9DW7B6\" target=\"_blank\" rel=\"noopener\">Click here to visit his author page on Amazon<\/a>.<\/td><\/tr><\/tbody><\/table><\/figure>\n\n\n\n<p>Below are his compositions that are available for free (please note that you are still expected to follow copyright law in your own country and to pay all performance fees):<\/p>\n\n\n\n<figure class=\"wp-block-table\"><table class=\"has-fixed-layout\"><tbody><tr><td>Title<\/td><td>Language<\/td><td>Cover \/ Download<\/td><\/tr><tr><td>\n<p>Fimm kve\u00f0jul\u00f6g.<\/p>\n<p>Music by Bragi \u00de\u00f3r Valsson<\/p>\n<p>Words by Kristj\u00e1n Hreinsson<\/p>\n<p>For SATB Choir a cappella<\/p>\n<\/td><td>Icelandic<\/td><td><figure><img data-recalc-dims=\"1\" loading=\"lazy\" decoding=\"async\" class=\"alignnone size-medium wp-image-478\" src=\"https:\/\/i0.wp.com\/bragi.co.za\/wp-content\/uploads\/2018\/08\/FimmUtfarasongvar.jpg?resize=229%2C300\" alt=\"\" width=\"229\" height=\"300\" srcset=\"https:\/\/i0.wp.com\/bragi.co.za\/wp-content\/uploads\/2018\/08\/FimmUtfarasongvar.jpg?resize=229%2C300&amp;ssl=1 229w, https:\/\/i0.wp.com\/bragi.co.za\/wp-content\/uploads\/2018\/08\/FimmUtfarasongvar.jpg?w=305&amp;ssl=1 305w\" sizes=\"auto, (max-width: 229px) 100vw, 229px\" \/><\/figure><a href=\"http:\/\/bragi.co.za\/images\/compositions\/Fimm kvedjulog eftir Braga og Kristjan.pdf\" target=\"_blank\" rel=\"noopener\" data-wplink-url-error=\"true\">DOWNLOAD<\/a><\/td><\/tr><tr><td>\n<p>Missa Capella.Mass in five movements: Kyrie, Gloria, Credo, Sanctus, Agnus Dei.<\/p>\n<p><span style=\"font-size: revert; font-family: inherit;\">For SATB choir a cappella and two soloists, baritone and soprano.<\/span><\/p>\n<p>Premiered and recorded by the Sonus Chamber Choir in Kansas, USA.<\/p>\n<\/td><td>Latin<\/td><td>\n<figure><img data-recalc-dims=\"1\" loading=\"lazy\" decoding=\"async\" class=\"alignnone size-medium wp-image-491\" src=\"https:\/\/i0.wp.com\/bragi.co.za\/wp-content\/uploads\/2018\/08\/bragimassfrontpage2.jpg?resize=212%2C300\" alt=\"\" width=\"212\" height=\"300\" srcset=\"https:\/\/i0.wp.com\/bragi.co.za\/wp-content\/uploads\/2018\/08\/bragimassfrontpage2.jpg?resize=212%2C300&amp;ssl=1 212w, https:\/\/i0.wp.com\/bragi.co.za\/wp-content\/uploads\/2018\/08\/bragimassfrontpage2.jpg?resize=768%2C1086&amp;ssl=1 768w, https:\/\/i0.wp.com\/bragi.co.za\/wp-content\/uploads\/2018\/08\/bragimassfrontpage2.jpg?resize=724%2C1024&amp;ssl=1 724w, https:\/\/i0.wp.com\/bragi.co.za\/wp-content\/uploads\/2018\/08\/bragimassfrontpage2.jpg?resize=900%2C1273&amp;ssl=1 900w, https:\/\/i0.wp.com\/bragi.co.za\/wp-content\/uploads\/2018\/08\/bragimassfrontpage2.jpg?resize=1280%2C1811&amp;ssl=1 1280w, https:\/\/i0.wp.com\/bragi.co.za\/wp-content\/uploads\/2018\/08\/bragimassfrontpage2.jpg?w=1920 1920w\" sizes=\"auto, (max-width: 212px) 100vw, 212px\" \/><\/figure><p><\/p>\n<p><a href=\"http:\/\/bragi.co.za\/wp-content\/uploads\/2025\/11\/Missa-Cappella-by-Dr.-Bragi-THor-Valsson.pdf\" target=\"_blank\" rel=\"noopener\">DOWNLOAD<\/a><\/p>\n<\/td><\/tr><tr><td>\n<p>M\u00edn fullvalda \u00fej\u00f3\u00f0<\/p>\n<p>Music by Bragi \u00de\u00f3r Valsson<br>Words by Kristj\u00e1n Hreinsson<\/p>\n<p>For SATB choir a cappella.<\/p>\n<\/td><td>Icelandic<\/td><td>\n<figure><img data-recalc-dims=\"1\" loading=\"lazy\" decoding=\"async\" class=\"alignnone size-medium wp-image-5492\" src=\"https:\/\/i0.wp.com\/bragi.co.za\/wp-content\/uploads\/2025\/11\/Screenshot-2025-11-24-at-22.51.03.png?resize=210%2C300\" alt=\"\" width=\"210\" height=\"300\" srcset=\"https:\/\/i0.wp.com\/bragi.co.za\/wp-content\/uploads\/2025\/11\/Screenshot-2025-11-24-at-22.51.03.png?resize=210%2C300&amp;ssl=1 210w, https:\/\/i0.wp.com\/bragi.co.za\/wp-content\/uploads\/2025\/11\/Screenshot-2025-11-24-at-22.51.03.png?resize=718%2C1024&amp;ssl=1 718w, https:\/\/i0.wp.com\/bragi.co.za\/wp-content\/uploads\/2025\/11\/Screenshot-2025-11-24-at-22.51.03.png?resize=768%2C1095&amp;ssl=1 768w, https:\/\/i0.wp.com\/bragi.co.za\/wp-content\/uploads\/2025\/11\/Screenshot-2025-11-24-at-22.51.03.png?resize=900%2C1284&amp;ssl=1 900w, https:\/\/i0.wp.com\/bragi.co.za\/wp-content\/uploads\/2025\/11\/Screenshot-2025-11-24-at-22.51.03.png?w=1070&amp;ssl=1 1070w\" sizes=\"auto, (max-width: 210px) 100vw, 210px\" \/><\/figure><p><\/p>\n<p><a href=\"http:\/\/bragi.co.za\/wp-content\/uploads\/2018\/09\/M\u00edn-fullvalda-\u00fej\u00f3\u00f0-2.pdf\" target=\"_blank\" rel=\"noopener\">DOWNLOAD<\/a><\/p>\n<\/td><\/tr><tr><td>Dancing With Ghosts<br><br>Words and Music by Bragi \u00de\u00f3r Valsson<br><br>For SATB Choir a cappella<br><br>This piece was a finalist in the Italian AMAT composition competition in 2023.<\/td><td>English (also available in Afrikaans with words by Christina van Deventer)<\/td><td><img data-recalc-dims=\"1\" loading=\"lazy\" decoding=\"async\" width=\"150\" height=\"214\" class=\"wp-image-5496\" style=\"width: 150px;\" src=\"https:\/\/i0.wp.com\/bragi.co.za\/wp-content\/uploads\/2025\/11\/Screenshot-2025-11-24-at-22.56.06.png?resize=150%2C214\" alt=\"\" srcset=\"https:\/\/i0.wp.com\/bragi.co.za\/wp-content\/uploads\/2025\/11\/Screenshot-2025-11-24-at-22.56.06.png?w=946&amp;ssl=1 946w, https:\/\/i0.wp.com\/bragi.co.za\/wp-content\/uploads\/2025\/11\/Screenshot-2025-11-24-at-22.56.06.png?resize=210%2C300&amp;ssl=1 210w, https:\/\/i0.wp.com\/bragi.co.za\/wp-content\/uploads\/2025\/11\/Screenshot-2025-11-24-at-22.56.06.png?resize=716%2C1024&amp;ssl=1 716w, https:\/\/i0.wp.com\/bragi.co.za\/wp-content\/uploads\/2025\/11\/Screenshot-2025-11-24-at-22.56.06.png?resize=768%2C1098&amp;ssl=1 768w, https:\/\/i0.wp.com\/bragi.co.za\/wp-content\/uploads\/2025\/11\/Screenshot-2025-11-24-at-22.56.06.png?resize=900%2C1286&amp;ssl=1 900w\" sizes=\"auto, (max-width: 150px) 100vw, 150px\" \/><br><a href=\"http:\/\/bragi.co.za\/wp-content\/uploads\/2025\/11\/Dancing-with-Ghosts.pdf\" data-type=\"link\" data-id=\"http:\/\/bragi.co.za\/wp-content\/uploads\/2025\/11\/Dancing-with-Ghosts.pdf\" target=\"_blank\" rel=\"noreferrer noopener\">DOWNLOAD<\/a><\/td><\/tr><\/tbody><\/table><\/figure>\n","protected":false},"excerpt":{"rendered":"<p>Bragi is a composer of both contemporary (&#8220;popular&#8221;) music and &#8220;serious&#8221; music. All his compositions are registered with STEF in Iceland. Click here to visit his author page on Amazon. Below are his compositions that are available for free (please note that you are still expected to follow copyright law in your own country and &hellip; <\/p>\n<p><a href=\"https:\/\/bragi.co.za\/index.php\/composer\/\" class=\"more-link\">Continue reading <span class=\"screen-reader-text\">Composer<\/span><\/a><\/p>\n","protected":false},"author":1,"featured_media":0,"parent":0,"menu_order":0,"comment_status":"closed","ping_status":"closed","template":"","meta":{"_monsterinsights_skip_tracking":false,"_monsterinsights_sitenote_active":false,"_monsterinsights_sitenote_note":"","_monsterinsights_sitenote_category":0,"jetpack_post_was_ever_published":false,"footnotes":""},"class_list":["post-477","page","type-page","status-publish","hentry"],"jetpack_sharing_enabled":true,"jetpack_shortlink":"https:\/\/wp.me\/P9XTWd-7H","_links":{"self":[{"href":"https:\/\/bragi.co.za\/index.php\/wp-json\/wp\/v2\/pages\/477","targetHints":{"allow":["GET"]}}],"collection":[{"href":"https:\/\/bragi.co.za\/index.php\/wp-json\/wp\/v2\/pages"}],"about":[{"href":"https:\/\/bragi.co.za\/index.php\/wp-json\/wp\/v2\/types\/page"}],"author":[{"embeddable":true,"href":"https:\/\/bragi.co.za\/index.php\/wp-json\/wp\/v2\/users\/1"}],"replies":[{"embeddable":true,"href":"https:\/\/bragi.co.za\/index.php\/wp-json\/wp\/v2\/comments?post=477"}],"version-history":[{"count":9,"href":"https:\/\/bragi.co.za\/index.php\/wp-json\/wp\/v2\/pages\/477\/revisions"}],"predecessor-version":[{"id":5497,"href":"https:\/\/bragi.co.za\/index.php\/wp-json\/wp\/v2\/pages\/477\/revisions\/5497"}],"wp:attachment":[{"href":"https:\/\/bragi.co.za\/index.php\/wp-json\/wp\/v2\/media?parent=477"}],"curies":[{"name":"wp","href":"https:\/\/api.w.org\/{rel}","templated":true}]}}