{"id":5243,"date":"2022-12-31T21:06:34","date_gmt":"2022-12-31T21:06:34","guid":{"rendered":"http:\/\/bragi.co.za\/?page_id=5243"},"modified":"2022-12-31T21:17:12","modified_gmt":"2022-12-31T21:17:12","slug":"360-degree-photos-of-churches","status":"publish","type":"page","link":"https:\/\/bragi.co.za\/index.php\/360-degree-photos-of-churches\/","title":{"rendered":"360 degree photos of churches"},"content":{"rendered":"\n<p><em>All the photos are scrollable to the side and up and down.<\/em><\/p>\n\n\n\n<p>Gler\u00e1rkirkja in Akureyri, northern Iceland:<\/p>\n\n\n<div class=\"wp-block am360view-wrapper\" data-align=\"\" style=\"margin:0 auto;width:100%\"><iframe\n    src=\"about:blank\"\n    class=\"am360view\"\n\tstyle=\"width:;height:400px;float:;border:0;margin:0 auto;\"\n\t data-width=\"100%\" data-height=\"400px\" data-margin=\"0 auto\" data-fov=\"80\" data-rotation=\"0 0 0\" data-scale=\"-1 1 1\" data-text=\"\" data-text-position=\"-3 2 -3\" data-text-rotation=\"0 0 0\" data-text-font=\"kelsonsans\" data-text-scale=\"2 2\" data-text-color=\"red\" data-orbiting-type=\"none\" data-orbiting-speed=\"0 0.5 0\" data-src=\"http:\/\/bragi.co.za\/wp-content\/uploads\/2022\/12\/360churches_Glerarkirkja_360_2-scaled.jpg\" data-align=\"\" data-block-id=\"am360view_180335\" data-media-id=\"5245\" data-base=\"http:\/\/bragi.co.za\/wp-content\/plugins\/360-view\/\"><\/iframe><\/div>\n\n\n<p>Miklab\u00e6jarkirkja in northern Iceland, external and internal photos:<\/p>\n\n\n<div class=\"wp-block am360view-wrapper\" data-align=\"\" style=\"margin:0 auto;width:100%\"><iframe\n    src=\"about:blank\"\n    class=\"am360view\"\n\tstyle=\"width:;height:400px;float:;border:0;margin:0 auto;\"\n\t data-width=\"100%\" data-height=\"400px\" data-margin=\"0 auto\" data-fov=\"80\" data-rotation=\"0 0 0\" data-scale=\"-1 1 1\" data-text=\"\" data-text-position=\"-3 2 -3\" data-text-rotation=\"0 0 0\" data-text-font=\"kelsonsans\" data-text-scale=\"2 2\" data-text-color=\"red\" data-orbiting-type=\"none\" data-orbiting-speed=\"0 0.5 0\" data-src=\"http:\/\/bragi.co.za\/wp-content\/uploads\/2022\/12\/360churches_Miklabaejarkirkja360_1-1-scaled.jpg\" data-align=\"\" data-block-id=\"am360view_844020\" data-media-id=\"5248\" data-base=\"http:\/\/bragi.co.za\/wp-content\/plugins\/360-view\/\"><\/iframe><\/div>\n\n<div class=\"wp-block am360view-wrapper\" data-align=\"\" style=\"margin:0 auto;width:100%\"><iframe\n    src=\"about:blank\"\n    class=\"am360view\"\n\tstyle=\"width:;height:400px;float:;border:0;margin:0 auto;\"\n\t data-width=\"100%\" data-height=\"400px\" data-margin=\"0 auto\" data-fov=\"80\" data-rotation=\"0 0 0\" data-scale=\"-1 1 1\" data-text=\"\" data-text-position=\"-3 2 -3\" data-text-rotation=\"0 0 0\" data-text-font=\"kelsonsans\" data-text-scale=\"2 2\" data-text-color=\"red\" data-orbiting-type=\"none\" data-orbiting-speed=\"0 0.5 0\" data-src=\"http:\/\/bragi.co.za\/wp-content\/uploads\/2022\/12\/360churches_Miklabaejarkirkja_innan_360_1-1-scaled.jpg\" data-align=\"\" data-block-id=\"am360view_814690\" data-media-id=\"5249\" data-base=\"http:\/\/bragi.co.za\/wp-content\/plugins\/360-view\/\"><\/iframe><\/div>\n\n\n<p>Holtasta\u00f0akirkja in northern Iceland:<\/p>\n\n\n<div class=\"wp-block am360view-wrapper\" data-align=\"\" style=\"margin:0 auto;width:100%\"><iframe\n    src=\"about:blank\"\n    class=\"am360view\"\n\tstyle=\"width:;height:400px;float:;border:0;margin:0 auto;\"\n\t data-width=\"100%\" data-height=\"400px\" data-margin=\"0 auto\" data-fov=\"80\" data-rotation=\"0 0 0\" data-scale=\"-1 1 1\" data-text=\"\" data-text-position=\"-3 2 -3\" data-text-rotation=\"0 0 0\" data-text-font=\"kelsonsans\" data-text-scale=\"2 2\" data-text-color=\"red\" data-orbiting-type=\"none\" data-orbiting-speed=\"0 0.5 0\" data-src=\"http:\/\/bragi.co.za\/wp-content\/uploads\/2022\/12\/360churches_Holtastadakirkja_360_1-scaled.jpg\" data-align=\"\" data-block-id=\"am360view_270420\" data-media-id=\"5255\" data-base=\"http:\/\/bragi.co.za\/wp-content\/plugins\/360-view\/\"><\/iframe><\/div>\n\n\n<p>Akureyrarkirkja &#8211; kirkja Matth\u00edasar Jochumssonar in northern Iceland:<\/p>\n\n\n<div class=\"wp-block am360view-wrapper\" data-align=\"\" style=\"margin:0 auto;width:100%\"><iframe\n    src=\"about:blank\"\n    class=\"am360view\"\n\tstyle=\"width:;height:400px;float:;border:0;margin:0 auto;\"\n\t data-width=\"100%\" data-height=\"400px\" data-margin=\"0 auto\" data-fov=\"80\" data-rotation=\"0 0 0\" data-scale=\"-1 1 1\" data-text=\"\" data-text-position=\"-3 2 -3\" data-text-rotation=\"0 0 0\" data-text-font=\"kelsonsans\" data-text-scale=\"2 2\" data-text-color=\"red\" data-orbiting-type=\"none\" data-orbiting-speed=\"0 0.5 0\" data-src=\"http:\/\/bragi.co.za\/wp-content\/uploads\/2022\/12\/360churches_Akureyrarkirkja_360-scaled.jpg\" data-align=\"\" data-block-id=\"am360view_255658\" data-media-id=\"5250\" data-base=\"http:\/\/bragi.co.za\/wp-content\/plugins\/360-view\/\"><\/iframe><\/div>\n\n\n<p>Three external views of Bl\u00f6ndu\u00f3skirkja in North-West Iceland:<\/p>\n\n\n<div class=\"wp-block am360view-wrapper\" data-align=\"\" style=\"margin:0 auto;width:100%\"><iframe\n    src=\"about:blank\"\n    class=\"am360view\"\n\tstyle=\"width:;height:400px;float:;border:0;margin:0 auto;\"\n\t data-width=\"100%\" data-height=\"400px\" data-margin=\"0 auto\" data-fov=\"80\" data-rotation=\"0 0 0\" data-scale=\"-1 1 1\" data-text=\"\" data-text-position=\"-3 2 -3\" data-text-rotation=\"0 0 0\" data-text-font=\"kelsonsans\" data-text-scale=\"2 2\" data-text-color=\"red\" data-orbiting-type=\"none\" data-orbiting-speed=\"0 0.5 0\" data-src=\"http:\/\/bragi.co.za\/wp-content\/uploads\/2022\/12\/360churches_Blonduoskirkja_360_1-scaled.jpg\" data-align=\"\" data-block-id=\"am360view_771431\" data-media-id=\"5251\" data-base=\"http:\/\/bragi.co.za\/wp-content\/plugins\/360-view\/\"><\/iframe><\/div>\n\n<div class=\"wp-block am360view-wrapper\" data-align=\"\" style=\"margin:0 auto;width:100%\"><iframe\n    src=\"about:blank\"\n    class=\"am360view\"\n\tstyle=\"width:;height:400px;float:;border:0;margin:0 auto;\"\n\t data-width=\"100%\" data-height=\"400px\" data-margin=\"0 auto\" data-fov=\"80\" data-rotation=\"0 0 0\" data-scale=\"-1 1 1\" data-text=\"\" data-text-position=\"-3 2 -3\" data-text-rotation=\"0 0 0\" data-text-font=\"kelsonsans\" data-text-scale=\"2 2\" data-text-color=\"red\" data-orbiting-type=\"none\" data-orbiting-speed=\"0 0.5 0\" data-src=\"http:\/\/bragi.co.za\/wp-content\/uploads\/2022\/12\/360churches_Blonduoskirkja_360_2-scaled.jpg\" data-align=\"\" data-block-id=\"am360view_173266\" data-media-id=\"5252\" data-base=\"http:\/\/bragi.co.za\/wp-content\/plugins\/360-view\/\"><\/iframe><\/div>\n\n<div class=\"wp-block am360view-wrapper\" data-align=\"\" style=\"margin:0 auto;width:100%\"><iframe\n    src=\"about:blank\"\n    class=\"am360view\"\n\tstyle=\"width:;height:400px;float:;border:0;margin:0 auto;\"\n\t data-width=\"100%\" data-height=\"400px\" data-margin=\"0 auto\" data-fov=\"80\" data-rotation=\"0 0 0\" data-scale=\"-1 1 1\" data-text=\"\" data-text-position=\"-3 2 -3\" data-text-rotation=\"0 0 0\" data-text-font=\"kelsonsans\" data-text-scale=\"2 2\" data-text-color=\"red\" data-orbiting-type=\"none\" data-orbiting-speed=\"0 0.5 0\" data-src=\"http:\/\/bragi.co.za\/wp-content\/uploads\/2022\/12\/360churches_Blonduoskirkja_360_3-scaled.jpg\" data-align=\"\" data-block-id=\"am360view_384314\" data-media-id=\"5253\" data-base=\"http:\/\/bragi.co.za\/wp-content\/plugins\/360-view\/\"><\/iframe><\/div>","protected":false},"excerpt":{"rendered":"<p>All the photos are scrollable to the side and up and down. Gler\u00e1rkirkja in Akureyri, northern Iceland: Miklab\u00e6jarkirkja in northern Iceland, external and internal photos: Holtasta\u00f0akirkja in northern Iceland: Akureyrarkirkja &#8211; kirkja Matth\u00edasar Jochumssonar in northern Iceland: Three external views of Bl\u00f6ndu\u00f3skirkja in North-West Iceland:<\/p>\n","protected":false},"author":1,"featured_media":0,"parent":0,"menu_order":0,"comment_status":"closed","ping_status":"closed","template":"","meta":{"_monsterinsights_skip_tracking":false,"_monsterinsights_sitenote_active":false,"_monsterinsights_sitenote_note":"","_monsterinsights_sitenote_category":0,"jetpack_post_was_ever_published":false,"footnotes":""},"class_list":["post-5243","page","type-page","status-publish","hentry"],"jetpack_sharing_enabled":true,"jetpack_shortlink":"https:\/\/wp.me\/P9XTWd-1mz","_links":{"self":[{"href":"https:\/\/bragi.co.za\/index.php\/wp-json\/wp\/v2\/pages\/5243","targetHints":{"allow":["GET"]}}],"collection":[{"href":"https:\/\/bragi.co.za\/index.php\/wp-json\/wp\/v2\/pages"}],"about":[{"href":"https:\/\/bragi.co.za\/index.php\/wp-json\/wp\/v2\/types\/page"}],"author":[{"embeddable":true,"href":"https:\/\/bragi.co.za\/index.php\/wp-json\/wp\/v2\/users\/1"}],"replies":[{"embeddable":true,"href":"https:\/\/bragi.co.za\/index.php\/wp-json\/wp\/v2\/comments?post=5243"}],"version-history":[{"count":2,"href":"https:\/\/bragi.co.za\/index.php\/wp-json\/wp\/v2\/pages\/5243\/revisions"}],"predecessor-version":[{"id":5258,"href":"https:\/\/bragi.co.za\/index.php\/wp-json\/wp\/v2\/pages\/5243\/revisions\/5258"}],"wp:attachment":[{"href":"https:\/\/bragi.co.za\/index.php\/wp-json\/wp\/v2\/media?parent=5243"}],"curies":[{"name":"wp","href":"https:\/\/api.w.org\/{rel}","templated":true}]}}